{"id":2,"date":"2011-02-02T15:45:17","date_gmt":"2011-02-02T14:45:17","guid":{"rendered":"http:\/\/www.re-evolution.com\/wp\/?page_id=2"},"modified":"2019-05-20T12:14:36","modified_gmt":"2019-05-20T11:14:36","slug":"about","status":"publish","type":"page","link":"http:\/\/www.re-evolution.com\/de\/about\/","title":{"rendered":"\u00dcber uns"},"content":{"rendered":"<p><img loading=\"lazy\" decoding=\"async\" class=\"alignright\" src=\"http:\/\/www.re-evolution.com\/wp-content\/uploads\/2011\/02\/portrait_typo-212x300.jpg\" alt=\"portrait_typo\" width=\"212\" height=\"300\" \/><\/p>\n<h3>Thomas Dupont &#8211; Mediengestalter f\u00fcr Digital- und Printmedien<\/h3>\n<p>1977 in Paris geboren, ich wuchs in den gr\u00fcnen Berge an der schweizerischen Grenze auf. Dank meiner Eltern &#038; Familie, entwickelte er sehr fr\u00fch eine gro\u00dfe Leidenschaft f\u00fcr Kunst und Kultur in alle Formen. Von der Comic-Kultur der Achtziger inspiriert fing ich an zu zeichnen und noch bevor Photoshop-Zeiten, machte ich hyperrealistiche Bildkollagen aus Fotos und Zeitschriften. Sp\u00e4ter besuchte ich das Louis Pasteur Gymnasium in Besan\u00e7on (F) und in 1994 bestand ich die Pr\u00fcfung zur Fachabitur f\u00fcr Kunst &#038; Grafik (Baccakaur\u00e9at F12).<\/p>\n<p>Mit 19 machte ich mein Zivildienst als Junior-Event-Manager bei den Karneval von Stra\u00dfburg. 1998 zog ich nach Berlin um und fing eine Berufsausbildung als Mediengestalter f\u00fcr Digital- &#038; Printmedien an. Nach erfolgreichem Abschluss in 2001, machte ich eine Reihe von Praktikum in Barcelona und lernte dabei Spanisch (C2). Seit 2002 arbeite ich als freiberufliche Grafiker, Event-Manager &#038; B\u00fchnenbauer f\u00fcr Agenturen, Unternehmen und Privatkunden in Berlin aber auch weltweit von Marokko bis Melbourne.<\/p>\n","protected":false},"excerpt":{"rendered":"<p>Thomas Dupont &#8211; Mediengestalter f\u00fcr Digital- und Printmedien 1977 in Paris geboren, ich wuchs in den gr\u00fcnen Berge an der schweizerischen Grenze auf. Dank meiner Eltern &#038; Familie, entwickelte er sehr fr\u00fch eine gro\u00dfe Leidenschaft f\u00fcr Kunst und Kultur in &hellip; <a class=\"kt-excerpt-readmore\" href=\"http:\/\/www.re-evolution.com\/de\/about\/\" aria-label=\"\u00dcber uns\">Weiterlesen<\/a><\/p>\n","protected":false},"author":1,"featured_media":0,"parent":0,"menu_order":0,"comment_status":"closed","ping_status":"closed","template":"","meta":{"kt_blocks_editor_width":"","_kad_blocks_custom_css":"","_kad_blocks_head_custom_js":"","_kad_blocks_body_custom_js":"","_kad_blocks_footer_custom_js":"","footnotes":""},"class_list":["post-2","page","type-page","status-publish","hentry"],"taxonomy_info":[],"featured_image_src_large":false,"author_info":{"display_name":"admin","author_link":"http:\/\/www.re-evolution.com\/de\/author\/admin\/"},"comment_info":0,"_links":{"self":[{"href":"http:\/\/www.re-evolution.com\/de\/wp-json\/wp\/v2\/pages\/2","targetHints":{"allow":["GET"]}}],"collection":[{"href":"http:\/\/www.re-evolution.com\/de\/wp-json\/wp\/v2\/pages"}],"about":[{"href":"http:\/\/www.re-evolution.com\/de\/wp-json\/wp\/v2\/types\/page"}],"author":[{"embeddable":true,"href":"http:\/\/www.re-evolution.com\/de\/wp-json\/wp\/v2\/users\/1"}],"replies":[{"embeddable":true,"href":"http:\/\/www.re-evolution.com\/de\/wp-json\/wp\/v2\/comments?post=2"}],"version-history":[{"count":22,"href":"http:\/\/www.re-evolution.com\/de\/wp-json\/wp\/v2\/pages\/2\/revisions"}],"predecessor-version":[{"id":3008,"href":"http:\/\/www.re-evolution.com\/de\/wp-json\/wp\/v2\/pages\/2\/revisions\/3008"}],"wp:attachment":[{"href":"http:\/\/www.re-evolution.com\/de\/wp-json\/wp\/v2\/media?parent=2"}],"curies":[{"name":"wp","href":"https:\/\/api.w.org\/{rel}","templated":true}]}}