{"id":110,"date":"2011-06-16T14:14:23","date_gmt":"2011-06-16T13:14:23","guid":{"rendered":"http:\/\/www.re-evolution.com\/wp\/?page_id=110"},"modified":"2020-09-29T21:28:35","modified_gmt":"2020-09-29T20:28:35","slug":"references","status":"publish","type":"page","link":"http:\/\/www.re-evolution.com\/fr\/references\/","title":{"rendered":"R\u00e9f\u00e9rences"},"content":{"rendered":"<div id=\"pl-110\"  class=\"panel-layout\" ><div id=\"pg-110-0\"  class=\"panel-grid panel-has-style\" ><div class=\"siteorigin-panels-stretch kt-no-vertical-gutter kt-panel-row-stretch panel-widget-style panel-row-style panel-row-style-for-110-0\" style=\"background-image: url(http:\/\/www.re-evolution.com\/wp-content\/uploads\/2018\/02\/carbon-fibre-big.png);background-repeat: repeat;background-position: center top;visibility: hidden;\" data-stretch-type=\"full\" ><div id=\"pgc-110-0-0\"  class=\"panel-grid-cell\" ><div id=\"panel-110-0-0-0\" class=\"so-panel widget widget_sow-headline panel-first-child panel-last-child\" data-index=\"0\" ><div\n\t\t\t\n\t\t\tclass=\"so-widget-sow-headline so-widget-sow-headline-default-fab9d58f4152-110\"\n\t\t\t\n\t\t><div class=\"sow-headline-container \">\n\t\t\t\t\t\t\t<h2 class=\"sow-headline\">\n\t\t\t\t\t\tR\u00c9F\u00c9RENCES\t\t\t\t\t\t<\/h2>\n\t\t\t\t\t\t\t\t\t\t\t<div class=\"decoration\">\n\t\t\t\t\t\t<div class=\"decoration-inside\"><\/div>\n\t\t\t\t\t<\/div>\n\t\t\t\t\t\t\t\t\t\t\t<h3 class=\"sow-sub-headline\">\n\t\t\t\t\t\tNos clients depuis 2002\t\t\t\t\t\t<\/h3>\n\t\t\t\t\t\t<\/div>\n<\/div><\/div><\/div><\/div><\/div><div id=\"sep-pg-110-1\" class=\"panel-grid panel-has-style\" ><div style=\"background-color:#666666;visibility: hidden;\" class=\"panel-row-style kt-row-style-no-padding kt-no-vertical-gutter siteorigin-panels-stretch kt-panel-row-stretch panel-widget-style\" data-stretch-type=\"full\" ><div class=\"inner-sep-content-wrap\"><div id=\"pg-110-1\"  class=\"panel-grid panel-has-style\" ><div style=\"z-index: 1000;\" class=\"panel-row-style panel-row-style-for-110-1\" ><div id=\"pgc-110-1-0\"  class=\"panel-grid-cell\" ><div id=\"panel-110-1-0-0\" class=\"so-panel widget widget_sow-headline panel-first-child panel-last-child\" data-index=\"1\" ><div\n\t\t\t\n\t\t\tclass=\"so-widget-sow-headline so-widget-sow-headline-default-ca71d2b02179-110\"\n\t\t\t\n\t\t><div class=\"sow-headline-container \">\n\t\t\t\t\t\t\t<h2 class=\"sow-headline\">\n\t\t\t\t\t\tGraphic &amp; Webdesign\t\t\t\t\t\t<\/h2>\n\t\t\t\t\t\t<\/div>\n<\/div><\/div><\/div><\/div><\/div><div class=\"panel-row-style kt-row-style-no-padding kt_sep_panel sep_center_triangle siteorigin-panels-stretch\" data-stretch-type=\"full-stretched\"><svg style=\"fill:#f9f9f9;\" viewBox=\"0 0 100 100\" preserveAspectRatio=\"none\"><path class=\"large-center-triangle\" d=\"M0 0 L50 90 L100 0 V100 H0\"\/><\/svg><\/div><\/div><\/div><\/div><div id=\"pg-110-2\"  class=\"panel-grid panel-has-style\" ><div class=\"siteorigin-panels-stretch kt-no-vertical-gutter kt-panel-row-stretch panel-row-style panel-row-style-for-110-2\" style=\"visibility: hidden;\" data-stretch-type=\"full\" ><div id=\"pgc-110-2-0\"  class=\"panel-grid-cell\" ><div id=\"panel-110-2-0-0\" class=\"so-panel widget widget_sow-editor panel-first-child panel-last-child\" data-index=\"2\" ><div\n\t\t\t\n\t\t\tclass=\"so-widget-sow-editor so-widget-sow-editor-base\"\n\t\t\t\n\t\t>\n<div class=\"siteorigin-widget-tinymce textwidget\">\n\t<h3>Agences:<\/h3>\n<hr \/>\n<p><strong>CompactTeam GmbH <\/strong>Agence pour marketing et \u00e9v\u00e8nementiel<br \/>\nBerlin, Allemagne \/ 2010 - 2016<\/p>\n<hr \/>\n<p><strong>Freshly Brewed Concepts <\/strong>Agence de marketing<br \/>\nMelbourne, Australie \/ Webdesign \/ 2007 - 2008<\/p>\n<hr \/>\n<p><strong>BCNinedita RSCG<\/strong> Agence de marketing<br \/>\nBarcelona, Espagne \/ Stage de webdesign \/ 2001 - 2002<\/p>\n<p>&nbsp;<\/p>\n<p>&nbsp;<\/p>\n<p>&nbsp;<\/p>\n<\/div>\n<\/div><\/div><\/div><div id=\"pgc-110-2-1\"  class=\"panel-grid-cell\" ><div id=\"panel-110-2-1-0\" class=\"so-panel widget widget_sow-editor panel-first-child panel-last-child\" data-index=\"3\" ><div\n\t\t\t\n\t\t\tclass=\"so-widget-sow-editor so-widget-sow-editor-base\"\n\t\t\t\n\t\t>\n<div class=\"siteorigin-widget-tinymce textwidget\">\n\t<\/p>\n<h3>Compagnies:<\/h3>\n<p>\n<\/div>\n<\/div><\/div><\/div><\/div><\/div><div id=\"sep-pg-110-3\" class=\"panel-grid panel-has-style\" ><div style=\"background-color:#666666;margin-bottom:0px;visibility: hidden;\" class=\"panel-row-style kt-row-style-no-padding kt-no-vertical-gutter siteorigin-panels-stretch kt-panel-row-stretch panel-widget-style\" data-stretch-type=\"full\" ><div class=\"inner-sep-content-wrap\"><div id=\"pg-110-3\"  class=\"panel-grid panel-has-style\" ><div class=\"panel-row-style panel-row-style-for-110-3\" ><div id=\"pgc-110-3-0\"  class=\"panel-grid-cell\" ><div id=\"panel-110-3-0-0\" class=\"so-panel widget widget_sow-headline panel-first-child panel-last-child\" data-index=\"4\" ><div\n\t\t\t\n\t\t\tclass=\"so-widget-sow-headline so-widget-sow-headline-default-487d0cc79550-110\"\n\t\t\t\n\t\t><div class=\"sow-headline-container \">\n\t\t\t\t\t\t\t<h2 class=\"sow-headline\">\n\t\t\t\t\t\tEvents &amp; Culture\t\t\t\t\t\t<\/h2>\n\t\t\t\t\t\t<\/div>\n<\/div><\/div><\/div><\/div><\/div><div class=\"panel-row-style kt-row-style-no-padding kt_sep_panel sep_center_triangle siteorigin-panels-stretch\" data-stretch-type=\"full-stretched\"><svg style=\"fill:#fff;\" viewBox=\"0 0 100 100\" preserveAspectRatio=\"none\"><path class=\"large-center-triangle\" d=\"M0 0 L50 90 L100 0 V100 H0\"\/><\/svg><\/div><\/div><\/div><\/div><div id=\"pg-110-4\"  class=\"panel-grid panel-has-style\" ><div class=\"kt-no-vertical-gutter panel-row-style panel-row-style-for-110-4\" ><div id=\"pgc-110-4-0\"  class=\"panel-grid-cell\" ><div id=\"panel-110-4-0-0\" class=\"so-panel widget widget_sow-editor panel-first-child panel-last-child\" data-index=\"5\" ><div\n\t\t\t\n\t\t\tclass=\"so-widget-sow-editor so-widget-sow-editor-base\"\n\t\t\t\n\t\t>\n<div class=\"siteorigin-widget-tinymce textwidget\">\n\t<h3>Event-Management<\/h3>\n<ul>\n<li>Festival Africain sur l'Ecologie (MA)<\/li>\n<li>Rhythms of Peace Festival (MA)<\/li>\n<li>Carnaval de Strasbourg (FR)<\/li>\n<\/ul>\n<\/div>\n<\/div><\/div><\/div><div id=\"pgc-110-4-1\"  class=\"panel-grid-cell\" ><div id=\"panel-110-4-1-0\" class=\"so-panel widget widget_sow-editor panel-first-child panel-last-child\" data-index=\"6\" ><div\n\t\t\t\n\t\t\tclass=\"so-widget-sow-editor so-widget-sow-editor-base\"\n\t\t\t\n\t\t>\n<div class=\"siteorigin-widget-tinymce textwidget\">\n\t<h3>Stage-building<\/h3>\n<ul>\n<li>Soulclipse Festival (TR)<\/li>\n<li>Zoom Festival (CH)<\/li>\n<\/ul>\n<\/div>\n<\/div><\/div><\/div><div id=\"pgc-110-4-2\"  class=\"panel-grid-cell\" ><div id=\"panel-110-4-2-0\" class=\"so-panel widget widget_sow-editor panel-first-child panel-last-child\" data-index=\"7\" ><div\n\t\t\t\n\t\t\tclass=\"so-widget-sow-editor so-widget-sow-editor-base\"\n\t\t\t\n\t\t>\n<div class=\"siteorigin-widget-tinymce textwidget\">\n\t<h3>Event-design & decoration<\/h3>\n<ul>\n<li>Fusion Festival (DE)<\/li>\n<li>Rainbow Serpent Festival(AU)<\/li>\n<\/ul>\n<\/div>\n<\/div><\/div><\/div><\/div><\/div><\/div>","protected":false},"excerpt":{"rendered":"<p>R\u00c9F\u00c9RENCES Nos clients depuis 2002 Graphic &amp; Webdesign Agences: CompactTeam GmbH Agence pour marketing et \u00e9v\u00e8nementiel Berlin, Allemagne \/ 2010 &#8211; 2016 Freshly Brewed Concepts Agence de marketing Melbourne, Australie \/ Webdesign \/ 2007 &#8211; 2008 BCNinedita RSCG Agence de &hellip; <a class=\"kt-excerpt-readmore\" href=\"http:\/\/www.re-evolution.com\/fr\/references\/\" aria-label=\"R\u00e9f\u00e9rences\">Lire la suite<\/a><\/p>\n","protected":false},"author":1,"featured_media":0,"parent":0,"menu_order":0,"comment_status":"closed","ping_status":"closed","template":"page-fullwidth.php","meta":{"kt_blocks_editor_width":"","_kad_blocks_custom_css":"","_kad_blocks_head_custom_js":"","_kad_blocks_body_custom_js":"","_kad_blocks_footer_custom_js":"","footnotes":""},"class_list":["post-110","page","type-page","status-publish","hentry"],"taxonomy_info":[],"featured_image_src_large":false,"author_info":{"display_name":"admin","author_link":"http:\/\/www.re-evolution.com\/fr\/author\/admin\/"},"comment_info":0,"_links":{"self":[{"href":"http:\/\/www.re-evolution.com\/fr\/wp-json\/wp\/v2\/pages\/110","targetHints":{"allow":["GET"]}}],"collection":[{"href":"http:\/\/www.re-evolution.com\/fr\/wp-json\/wp\/v2\/pages"}],"about":[{"href":"http:\/\/www.re-evolution.com\/fr\/wp-json\/wp\/v2\/types\/page"}],"author":[{"embeddable":true,"href":"http:\/\/www.re-evolution.com\/fr\/wp-json\/wp\/v2\/users\/1"}],"replies":[{"embeddable":true,"href":"http:\/\/www.re-evolution.com\/fr\/wp-json\/wp\/v2\/comments?post=110"}],"version-history":[{"count":115,"href":"http:\/\/www.re-evolution.com\/fr\/wp-json\/wp\/v2\/pages\/110\/revisions"}],"predecessor-version":[{"id":3118,"href":"http:\/\/www.re-evolution.com\/fr\/wp-json\/wp\/v2\/pages\/110\/revisions\/3118"}],"wp:attachment":[{"href":"http:\/\/www.re-evolution.com\/fr\/wp-json\/wp\/v2\/media?parent=110"}],"curies":[{"name":"wp","href":"https:\/\/api.w.org\/{rel}","templated":true}]}}