{"id":282,"date":"2012-09-03T19:04:29","date_gmt":"2012-09-03T18:04:29","guid":{"rendered":"http:\/\/www.re-evolution.com\/wp\/?page_id=282"},"modified":"2019-08-20T09:36:23","modified_gmt":"2019-08-20T08:36:23","slug":"home","status":"publish","type":"page","link":"http:\/\/www.re-evolution.com\/fr\/","title":{"rendered":"Home"},"content":{"rendered":"<div id=\"pl-282\"  class=\"panel-layout\" ><div id=\"sep-pg-282-0\" class=\"panel-grid panel-has-style\" ><div style=\"background-image: url(http:\/\/www.re-evolution.com\/wp-content\/uploads\/2018\/02\/bg-black-felt.png);background-repeat: repeat;background-position: center top;background-color:#1e73be;visibility: hidden;\" class=\"panel-row-style kt-row-style-no-padding kt-no-vertical-gutter siteorigin-panels-stretch kt-panel-row-stretch panel-widget-style\" data-stretch-type=\"full\" ><div class=\"inner-sep-content-wrap\"><div id=\"pg-282-0\"  class=\"panel-grid panel-has-style\" ><div class=\"panel-row-style panel-row-style-for-282-0\" ><div id=\"pgc-282-0-0\"  class=\"panel-grid-cell\" ><div id=\"panel-282-0-0-0\" class=\"so-panel widget widget_sow-headline panel-first-child panel-last-child\" data-index=\"0\" ><div class=\"panel-widget-style panel-widget-style-for-282-0-0-0\" ><div\n\t\t\t\n\t\t\tclass=\"so-widget-sow-headline so-widget-sow-headline-default-c3653d409f02-282 so-widget-fittext-wrapper\"\n\t\t\t data-fit-text-compressor=\"0.85\"\n\t\t><div class=\"sow-headline-container \">\n\t\t\t\t\t\t\t<h2 class=\"sow-headline\">\n\t\t\t\t\t\tDesign is not making beauty...  <br \/>Beauty emerges from selection, affinities, integration, love.\t\t\t\t\t\t<\/h2>\n\t\t\t\t\t\t\t\t\t\t\t<div class=\"decoration\">\n\t\t\t\t\t\t<div class=\"decoration-inside\"><\/div>\n\t\t\t\t\t<\/div>\n\t\t\t\t\t\t\t\t\t\t\t<h4 class=\"sow-sub-headline\">\n\t\t\t\t\t\tLouis Kahn\t\t\t\t\t\t<\/h4>\n\t\t\t\t\t\t<\/div>\n<\/div><\/div><\/div><\/div><\/div><\/div><div class=\"panel-row-style kt-row-style-no-padding kt_sep_panel sep_center_triangle_double siteorigin-panels-stretch\" data-stretch-type=\"full-stretched\"><svg style=\"fill:#ffffff;\" viewBox=\"0 0 100 100\" preserveAspectRatio=\"none\"><path class=\"large-center-triangle\" d=\"M0 0 L50 90 L100 0 V100 H0\"\/><path class=\"second-large-center-triangle\" d=\"M0 40 L50 90 L100 40 V100 H0\"\/><\/svg><\/div><\/div><\/div><\/div><div id=\"sep-pg-282-1\" class=\"panel-grid panel-no-style\" ><div style=\"margin-bottom:0px;visibility: hidden;\" class=\"panel-row-style kt-row-style-no-padding kt-no-vertical-gutter siteorigin-panels-stretch kt-panel-row-stretch\" data-stretch-type=\"full\" ><div class=\"inner-sep-content-wrap\"><div id=\"pg-282-1\"  class=\"panel-grid panel-no-style\" ><div id=\"pgc-282-1-0\"  class=\"panel-grid-cell\" ><div id=\"panel-282-1-0-0\" class=\"so-panel widget widget_sow-headline panel-first-child\" data-index=\"1\" ><div class=\"panel-widget-style panel-widget-style-for-282-1-0-0\" ><div\n\t\t\t\n\t\t\tclass=\"so-widget-sow-headline so-widget-sow-headline-default-dc19456741b2-282\"\n\t\t\t\n\t\t><div class=\"sow-headline-container \">\n\t\t\t\t\t\t\t<h1 class=\"sow-headline\">\n\t\t\t\t\t\tNOS SERVICES\t\t\t\t\t\t<\/h1>\n\t\t\t\t\t\t<\/div>\n<\/div><\/div><\/div><div id=\"panel-282-1-0-1\" class=\"so-panel widget widget_sow-features panel-last-child\" data-index=\"2\" ><div\n\t\t\t\n\t\t\tclass=\"so-widget-sow-features so-widget-sow-features-default-428b8e35484f-282\"\n\t\t\t\n\t\t><ul\n\tclass=\"sow-features-list\n\tsow-features-responsive\">\n\n\t\t\t<li\n\t\t\tclass=\"sow-features-feature sow-icon-container-position-top\"\n\t\t\tstyle=\"display: flex; flex-direction: column; width: calc(25% - 25px);\"\n\t\t>\n\t\t\t\n\t\t\t\t\t\t\t<div class=\"sow-features-feature-right-left-container\" style=\"display: flex; flex-direction: inherit;\">\n\t\t\t\t\t\t\t<a\t\t\t\tclass=\"sow-icon-container sow-container-sticker\"\n\t\t\t\tstyle=\"color: #58acbc; \"\n\t\t\t\t\n\t\t\t\t\t\t\t\t\thref=\"http:\/\/www.re-evolution.com\/services#graphic\"\n\t\t\t\t\t\t\t\t>\n\t\t\t\t<span class=\"sow-icon-elegantline\" data-sow-icon=\"&#xe032;\"\n\t\tstyle=\"font-size: 70px; color: #FFFFFF\" \n\t\taria-hidden=\"true\"><\/span>\t\t\t<\/a>\n\n\t\t\t<div class=\"textwidget\">\n\t\t\t\t\t\t\t\t\t<div class=\"sow-features-feature-content\">\n\t\t\t\t\n\t\t\t\t\t\t\t\t\t<h5 class=\"sow-features-feature-title\">\n\t\t\t\t\t\tGRAPHIC DESIGN\t\t\t\t\t<\/h5>\n\t\t\t\t\n\t\t\t\t\t\t\t\t\t<div class=\"sow-features-feature-text\">\n\t\t\t\t\tDu branding \u00e0 la r\u00e9alisation de campagnes publicitaires, nous vous apportons tous les \u00e9l\u00e9ments visuels pour commmuniquer vos id\u00e9es.\t\t\t\t\t<\/div>\n\t\t\t\t\t\t\t\t\t\t<\/div>\n\t\t\t\t\t<p class=\"sow-more-text\">\n\t\t\t\t\t\t<a href=\"http:\/\/www.re-evolution.com\/services#graphic\" >\t\t\t\t\t\tLire la suite\t\t\t\t\t\t<\/a>\t\t\t\t\t<\/p>\n\t\t\t\t\t\t\t<\/div>\n\t\t\t\t\t\t\t<\/div>\n\t\t\t\t\t\t\t\t<\/li>\n\n\t\t\t<li\n\t\t\tclass=\"sow-features-feature sow-icon-container-position-top\"\n\t\t\tstyle=\"display: flex; flex-direction: column; width: calc(25% - 25px);\"\n\t\t>\n\t\t\t\n\t\t\t\t\t\t\t<div class=\"sow-features-feature-right-left-container\" style=\"display: flex; flex-direction: inherit;\">\n\t\t\t\t\t\t\t<a\t\t\t\tclass=\"sow-icon-container sow-container-sticker\"\n\t\t\t\tstyle=\"color: #58acbc; \"\n\t\t\t\t\n\t\t\t\t\t\t\t\t\thref=\"http:\/\/www.re-evolution.com\/services#webdesign\"\n\t\t\t\t\t\t\t\t>\n\t\t\t\t<span class=\"sow-icon-elegantline\" data-sow-icon=\"&#xe000;\"\n\t\tstyle=\"font-size: 70px; color: #FFFFFF\" \n\t\taria-hidden=\"true\"><\/span>\t\t\t<\/a>\n\n\t\t\t<div class=\"textwidget\">\n\t\t\t\t\t\t\t\t\t<div class=\"sow-features-feature-content\">\n\t\t\t\t\n\t\t\t\t\t\t\t\t\t<h5 class=\"sow-features-feature-title\">\n\t\t\t\t\t\tWEBDESIGN\t\t\t\t\t<\/h5>\n\t\t\t\t\n\t\t\t\t\t\t\t\t\t<div class=\"sow-features-feature-text\">\n\t\t\t\t\tCr\u00e9ation de pr\u00e9sence internet, UI-Design ou social-media-campaign... Nous r\u00e9alisons\t\t\t\t\t<\/div>\n\t\t\t\t\t\t\t\t\t\t<\/div>\n\t\t\t\t\t<p class=\"sow-more-text\">\n\t\t\t\t\t\t<a href=\"http:\/\/www.re-evolution.com\/services#webdesign\" >\t\t\t\t\t\tLire la suite\t\t\t\t\t\t<\/a>\t\t\t\t\t<\/p>\n\t\t\t\t\t\t\t<\/div>\n\t\t\t\t\t\t\t<\/div>\n\t\t\t\t\t\t\t\t<\/li>\n\n\t\t\t<li\n\t\t\tclass=\"sow-features-feature sow-icon-container-position-top\"\n\t\t\tstyle=\"display: flex; flex-direction: column; width: calc(25% - 25px);\"\n\t\t>\n\t\t\t\n\t\t\t\t\t\t\t<div class=\"sow-features-feature-right-left-container\" style=\"display: flex; flex-direction: inherit;\">\n\t\t\t\t\t\t\t<a\t\t\t\tclass=\"sow-icon-container sow-container-sticker\"\n\t\t\t\tstyle=\"color: #58acbc; \"\n\t\t\t\t\n\t\t\t\t\t\t\t\t\thref=\"http:\/\/www.re-evolution.com\/services#visu\"\n\t\t\t\t\t\t\t\t>\n\t\t\t\t<span class=\"sow-icon-elegantline\" data-sow-icon=\"&#xe010;\"\n\t\tstyle=\"font-size: 70px; color: #FFFFFF\" \n\t\taria-hidden=\"true\"><\/span>\t\t\t<\/a>\n\n\t\t\t<div class=\"textwidget\">\n\t\t\t\t\t\t\t\t\t<div class=\"sow-features-feature-content\">\n\t\t\t\t\n\t\t\t\t\t\t\t\t\t<h5 class=\"sow-features-feature-title\">\n\t\t\t\t\t\tVISUALISATION\t\t\t\t\t<\/h5>\n\t\t\t\t\n\t\t\t\t\t\t\t\t\t<div class=\"sow-features-feature-text\">\n\t\t\t\t\tDu montage-photo au mod\u00e8les en 3D, nous trouvons les solutions adapt\u00e9es pour visualiser vos id\u00e9es.\t\t\t\t\t<\/div>\n\t\t\t\t\t\t\t\t\t\t<\/div>\n\t\t\t\t\t<p class=\"sow-more-text\">\n\t\t\t\t\t\t<a href=\"http:\/\/www.re-evolution.com\/services#visu\" >\t\t\t\t\t\tLire la suite\t\t\t\t\t\t<\/a>\t\t\t\t\t<\/p>\n\t\t\t\t\t\t\t<\/div>\n\t\t\t\t\t\t\t<\/div>\n\t\t\t\t\t\t\t\t<\/li>\n\n\t\t\t<li\n\t\t\tclass=\"sow-features-feature sow-icon-container-position-top\"\n\t\t\tstyle=\"display: flex; flex-direction: column; width: calc(25% - 25px);\"\n\t\t>\n\t\t\t\n\t\t\t\t\t\t\t<div class=\"sow-features-feature-right-left-container\" style=\"display: flex; flex-direction: inherit;\">\n\t\t\t\t\t\t\t<a\t\t\t\tclass=\"sow-icon-container sow-container-sticker\"\n\t\t\t\tstyle=\"color: #58acbc; \"\n\t\t\t\t\n\t\t\t\t\t\t\t\t\thref=\"http:\/\/www.re-evolution.com\/services#events\"\n\t\t\t\t\t\t\t\t>\n\t\t\t\t<span class=\"sow-icon-elegantline\" data-sow-icon=\"&#xe033;\"\n\t\tstyle=\"font-size: 70px; color: #FFFFFF\" \n\t\taria-hidden=\"true\"><\/span>\t\t\t<\/a>\n\n\t\t\t<div class=\"textwidget\">\n\t\t\t\t\t\t\t\t\t<div class=\"sow-features-feature-content\">\n\t\t\t\t\n\t\t\t\t\t\t\t\t\t<h5 class=\"sow-features-feature-title\">\n\t\t\t\t\t\tEVENT-DESIGN\t\t\t\t\t<\/h5>\n\t\t\t\t\n\t\t\t\t\t\t\t\t\t<div class=\"sow-features-feature-text\">\n\t\t\t\t\tNous supportons les entreprises et artistes dans le processus de cr\u00e9ation et r\u00e9alisation de d\u00e9coration pour \u00e9v\u00e8nements et expositions\t\t\t\t\t<\/div>\n\t\t\t\t\t\t\t\t\t\t<\/div>\n\t\t\t\t\t<p class=\"sow-more-text\">\n\t\t\t\t\t\t<a href=\"http:\/\/www.re-evolution.com\/services#events\" >\t\t\t\t\t\tLire la suite\t\t\t\t\t\t<\/a>\t\t\t\t\t<\/p>\n\t\t\t\t\t\t\t<\/div>\n\t\t\t\t\t\t\t<\/div>\n\t\t\t\t\t\t\t\t<\/li>\n\n\t<\/ul>\n<\/div><\/div><\/div><\/div><div class=\"panel-row-style kt-row-style-no-padding kt_sep_panel sep_center_triangle siteorigin-panels-stretch\" data-stretch-type=\"full-stretched\"><svg style=\"fill:#fcfcfc;\" viewBox=\"0 0 100 100\" preserveAspectRatio=\"none\"><path class=\"large-center-triangle\" d=\"M0 0 L50 90 L100 0 V100 H0\"\/><\/svg><\/div><\/div><\/div><\/div><div id=\"pg-282-2\"  class=\"panel-grid panel-has-style\" ><div class=\"siteorigin-panels-stretch kt-no-vertical-gutter kt-panel-row-stretch panel-widget-style panel-row-style panel-row-style-for-282-2\" style=\"visibility: hidden;\" data-stretch-type=\"full\" ><div id=\"pgc-282-2-0\"  class=\"panel-grid-cell\" ><div id=\"panel-282-2-0-0\" class=\"so-panel widget widget_sow-headline panel-first-child\" data-index=\"3\" ><div class=\"panel-widget-style panel-widget-style-for-282-2-0-0\" ><div\n\t\t\t\n\t\t\tclass=\"so-widget-sow-headline so-widget-sow-headline-default-f98ea8163555-282\"\n\t\t\t\n\t\t><div class=\"sow-headline-container \">\n\t\t\t\t\t\t\t<h1 class=\"sow-headline\">\n\t\t\t\t\t\tSELECTED WORKS\t\t\t\t\t\t<\/h1>\n\t\t\t\t\t\t<\/div>\n<\/div><\/div><\/div><div id=\"panel-282-2-0-1\" class=\"so-panel widget widget_sow-post-carousel panel-last-child\" data-index=\"4\" ><div\n\t\t\t\n\t\t\tclass=\"so-widget-sow-post-carousel so-widget-sow-post-carousel-base-ad93eedad001-282\"\n\t\t\t\n\t\t>\t<div\n\t\tclass=\"sow-post-carousel-wrapper sow-post-carousel-theme-base\"\n\t\tstyle=\"overflow: hidden; max-width: 100%; min-height: 182px\"\n\t>\n\t\t<div class=\"sow-carousel-title\">\n\t\t\t<div class=\"sow-carousel-navigation \">\n\t\t\t\t\t\t<a href=\"#\" class=\"sow-carousel-next\" title=\"Suivant\" aria-label=\"Next Posts\" role=\"button\"><\/a>\n\t\t\t\t\t\t<a href=\"#\" class=\"sow-carousel-previous\" title=\"Pr\u00e9c\u00e9dent\" aria-label=\"Previous Posts\" role=\"button\"><\/a>\n\t\t\t\t\t<\/div>\n\t<\/div>\n\n<div class=\"sow-carousel-container \">\n\t\t<div class=\"sow-carousel-wrapper\"\n\t\tdata-dir=\"ltr\"\n\t\tstyle=\"opacity: 0;\"\n\t\tdata-widget=\"post\" data-fetching=\"false\" data-page=\"1\" data-ajax-url=\"http:\/\/www.re-evolution.com\/wp-admin\/admin-ajax.php?_widgets_nonce=170019a06e\" data-item_count=\"26\" data-carousel_settings=\"{&quot;loop&quot;:true,&quot;animation&quot;:&quot;Ease&quot;,&quot;animation_speed&quot;:400,&quot;autoplay&quot;:&quot;&quot;,&quot;pauseOnHover&quot;:&quot;&quot;,&quot;autoplaySpeed&quot;:8000,&quot;item_overflow&quot;:true,&quot;autoplay_continuous_scroll&quot;:false}\" data-responsive=\"{&quot;desktop_slides_to_scroll&quot;:1,&quot;tablet_landscape_breakpoint&quot;:1366,&quot;tablet_landscape_slides_to_scroll&quot;:2,&quot;tablet_portrait_breakpoint&quot;:1025,&quot;tablet_portrait_slides_to_scroll&quot;:2,&quot;mobile_breakpoint&quot;:480,&quot;mobile_slides_to_scroll&quot;:1}\" data-variable_width=\"true\" \t>\n\t\t<div\n\t\t\tclass=\"sow-carousel-items\"\n\t\t\t\t\t>\n\t\t\t\t<div class=\"sow-carousel-item\" tabindex=\"-1\" style=\"float: left;\">\n\t\t<div class=\"sow-carousel-thumbnail\">\n\t\t\t\t\t\t\t<a\n\t\t\t\t\thref=\"http:\/\/www.re-evolution.com\/fr\/portfolio\/3d-lakehouse\/\"\n\t\t\t\t\t\t\t\t\t\tstyle=\"background-image: url( http:\/\/www.re-evolution.com\/wp-content\/uploads\/2018\/02\/HausAmSee_Kamera-Sitzbank_02-272x182.jpg )\"\n\t\t\t\t\taria-labelledby=\"sow-carousel-id-2339\"\n\t\t\t\t\ttabindex=\"-1\"\n\t\t\t\t>\n\t\t\t\t\t<span class=\"overlay\"><\/span>\n\t\t\t\t<\/a>\n\t\t\t\t\t<\/div>\n\t\t<h3 class=\"sow-carousel-item-title\">\n\t\t\t<a\n\t\t\t\thref=\"http:\/\/www.re-evolution.com\/fr\/portfolio\/3d-lakehouse\/\"\n\t\t\t\tid=\"sow-carousel-id-2339\"\n\t\t\t\t\t\t\t\ttabindex=\"-1\"\n\t\t\t>\n\n\t\t\t\t\u00ab\u00a0Maison du lac\u00a0\u00bb\t\t\t<\/a>\n\t\t<\/h3>\n\t<\/div>\n\t\t<div class=\"sow-carousel-item\" tabindex=\"-1\" style=\"float: left;\">\n\t\t<div class=\"sow-carousel-thumbnail\">\n\t\t\t\t\t\t\t<a\n\t\t\t\t\thref=\"http:\/\/www.re-evolution.com\/fr\/portfolio\/gaia-renewable-energy\/\"\n\t\t\t\t\t\t\t\t\t\tstyle=\"background-image: url( http:\/\/www.re-evolution.com\/wp-content\/uploads\/2018\/02\/GaiaEnergy-01-272x182.jpg )\"\n\t\t\t\t\taria-labelledby=\"sow-carousel-id-2234\"\n\t\t\t\t\ttabindex=\"-1\"\n\t\t\t\t>\n\t\t\t\t\t<span class=\"overlay\"><\/span>\n\t\t\t\t<\/a>\n\t\t\t\t\t<\/div>\n\t\t<h3 class=\"sow-carousel-item-title\">\n\t\t\t<a\n\t\t\t\thref=\"http:\/\/www.re-evolution.com\/fr\/portfolio\/gaia-renewable-energy\/\"\n\t\t\t\tid=\"sow-carousel-id-2234\"\n\t\t\t\t\t\t\t\ttabindex=\"-1\"\n\t\t\t>\n\n\t\t\t\tGaia Renewable Energy\t\t\t<\/a>\n\t\t<\/h3>\n\t<\/div>\n\t\t<div class=\"sow-carousel-item\" tabindex=\"-1\" style=\"float: left;\">\n\t\t<div class=\"sow-carousel-thumbnail\">\n\t\t\t\t\t\t\t<a\n\t\t\t\t\thref=\"http:\/\/www.re-evolution.com\/fr\/portfolio\/cimas\/\"\n\t\t\t\t\t\t\t\t\t\tstyle=\"background-image: url( http:\/\/www.re-evolution.com\/wp-content\/uploads\/2018\/02\/Screenshot-2018-2-16-CiMAS-Home-272x182.png )\"\n\t\t\t\t\taria-labelledby=\"sow-carousel-id-2308\"\n\t\t\t\t\ttabindex=\"-1\"\n\t\t\t\t>\n\t\t\t\t\t<span class=\"overlay\"><\/span>\n\t\t\t\t<\/a>\n\t\t\t\t\t<\/div>\n\t\t<h3 class=\"sow-carousel-item-title\">\n\t\t\t<a\n\t\t\t\thref=\"http:\/\/www.re-evolution.com\/fr\/portfolio\/cimas\/\"\n\t\t\t\tid=\"sow-carousel-id-2308\"\n\t\t\t\t\t\t\t\ttabindex=\"-1\"\n\t\t\t>\n\n\t\t\t\tUI-Design CIMAS\t\t\t<\/a>\n\t\t<\/h3>\n\t<\/div>\n\t\t<div class=\"sow-carousel-item\" tabindex=\"-1\" style=\"float: left;\">\n\t\t<div class=\"sow-carousel-thumbnail\">\n\t\t\t\t\t\t\t<a\n\t\t\t\t\thref=\"http:\/\/www.re-evolution.com\/fr\/portfolio\/private-artwork-2\/\"\n\t\t\t\t\t\t\t\t\t\tstyle=\"background-image: url( http:\/\/www.re-evolution.com\/wp-content\/uploads\/2018\/02\/Balance-Fire-and-Ice-big-272x182.jpg )\"\n\t\t\t\t\taria-labelledby=\"sow-carousel-id-2161\"\n\t\t\t\t\ttabindex=\"-1\"\n\t\t\t\t>\n\t\t\t\t\t<span class=\"overlay\"><\/span>\n\t\t\t\t<\/a>\n\t\t\t\t\t<\/div>\n\t\t<h3 class=\"sow-carousel-item-title\">\n\t\t\t<a\n\t\t\t\thref=\"http:\/\/www.re-evolution.com\/fr\/portfolio\/private-artwork-2\/\"\n\t\t\t\tid=\"sow-carousel-id-2161\"\n\t\t\t\t\t\t\t\ttabindex=\"-1\"\n\t\t\t>\n\n\t\t\t\tPrivate artwork\t\t\t<\/a>\n\t\t<\/h3>\n\t<\/div>\n\t\t<div class=\"sow-carousel-item\" tabindex=\"-1\" style=\"float: left;\">\n\t\t<div class=\"sow-carousel-thumbnail\">\n\t\t\t\t\t\t\t<a\n\t\t\t\t\thref=\"http:\/\/www.re-evolution.com\/fr\/portfolio\/flyer-design\/\"\n\t\t\t\t\t\t\t\t\t\tstyle=\"background-image: url( http:\/\/www.re-evolution.com\/wp-content\/uploads\/2018\/02\/rev-flyer-01-272x182.jpg )\"\n\t\t\t\t\taria-labelledby=\"sow-carousel-id-2150\"\n\t\t\t\t\ttabindex=\"-1\"\n\t\t\t\t>\n\t\t\t\t\t<span class=\"overlay\"><\/span>\n\t\t\t\t<\/a>\n\t\t\t\t\t<\/div>\n\t\t<h3 class=\"sow-carousel-item-title\">\n\t\t\t<a\n\t\t\t\thref=\"http:\/\/www.re-evolution.com\/fr\/portfolio\/flyer-design\/\"\n\t\t\t\tid=\"sow-carousel-id-2150\"\n\t\t\t\t\t\t\t\ttabindex=\"-1\"\n\t\t\t>\n\n\t\t\t\tFlyer-design\t\t\t<\/a>\n\t\t<\/h3>\n\t<\/div>\n\t\t<div class=\"sow-carousel-item\" tabindex=\"-1\" style=\"float: left;\">\n\t\t<div class=\"sow-carousel-thumbnail\">\n\t\t\t\t\t\t\t<a\n\t\t\t\t\thref=\"http:\/\/www.re-evolution.com\/fr\/portfolio\/tag-der-deutschen-einheit-2015\/\"\n\t\t\t\t\t\t\t\t\t\tstyle=\"background-image: url( http:\/\/www.re-evolution.com\/wp-content\/uploads\/2018\/02\/FFM-Alteoper-Visu-01-Ansicht-1-272x182.jpg )\"\n\t\t\t\t\taria-labelledby=\"sow-carousel-id-2135\"\n\t\t\t\t\ttabindex=\"-1\"\n\t\t\t\t>\n\t\t\t\t\t<span class=\"overlay\"><\/span>\n\t\t\t\t<\/a>\n\t\t\t\t\t<\/div>\n\t\t<h3 class=\"sow-carousel-item-title\">\n\t\t\t<a\n\t\t\t\thref=\"http:\/\/www.re-evolution.com\/fr\/portfolio\/tag-der-deutschen-einheit-2015\/\"\n\t\t\t\tid=\"sow-carousel-id-2135\"\n\t\t\t\t\t\t\t\ttabindex=\"-1\"\n\t\t\t>\n\n\t\t\t\tTag der Deutschen Einheit 2015\t\t\t<\/a>\n\t\t<\/h3>\n\t<\/div>\n\t\t<div class=\"sow-carousel-item\" tabindex=\"-1\" style=\"float: left;\">\n\t\t<div class=\"sow-carousel-thumbnail\">\n\t\t\t\t\t\t\t<a\n\t\t\t\t\thref=\"http:\/\/www.re-evolution.com\/fr\/portfolio\/tag-der-deutschen-einheit-2012\/\"\n\t\t\t\t\t\t\t\t\t\tstyle=\"background-image: url( http:\/\/www.re-evolution.com\/wp-content\/uploads\/2018\/02\/muenchen_laenderbuehne_v1-272x182.jpg )\"\n\t\t\t\t\taria-labelledby=\"sow-carousel-id-2128\"\n\t\t\t\t\ttabindex=\"-1\"\n\t\t\t\t>\n\t\t\t\t\t<span class=\"overlay\"><\/span>\n\t\t\t\t<\/a>\n\t\t\t\t\t<\/div>\n\t\t<h3 class=\"sow-carousel-item-title\">\n\t\t\t<a\n\t\t\t\thref=\"http:\/\/www.re-evolution.com\/fr\/portfolio\/tag-der-deutschen-einheit-2012\/\"\n\t\t\t\tid=\"sow-carousel-id-2128\"\n\t\t\t\t\t\t\t\ttabindex=\"-1\"\n\t\t\t>\n\n\t\t\t\tTag der Deutschen Einheit 2012\t\t\t<\/a>\n\t\t<\/h3>\n\t<\/div>\n\t\t<div class=\"sow-carousel-item\" tabindex=\"-1\" style=\"float: left;\">\n\t\t<div class=\"sow-carousel-thumbnail\">\n\t\t\t\t\t\t\t<a\n\t\t\t\t\thref=\"http:\/\/www.re-evolution.com\/fr\/portfolio\/private-artwork\/\"\n\t\t\t\t\tclass=\"sow-carousel-default-thumbnail\"\n\t\t\t\t\t\t\t\t\t\t\t\t\t\t\taria-labelledby=\"sow-carousel-id-2116\"\n\t\t\t\t\ttabindex=\"-1\"\n\t\t\t\t>\n\t\t\t\t\t<span class=\"overlay\"><\/span>\n\t\t\t\t<\/a>\n\t\t\t\t\t<\/div>\n\t\t<h3 class=\"sow-carousel-item-title\">\n\t\t\t<a\n\t\t\t\thref=\"http:\/\/www.re-evolution.com\/fr\/portfolio\/private-artwork\/\"\n\t\t\t\tid=\"sow-carousel-id-2116\"\n\t\t\t\t\t\t\t\ttabindex=\"-1\"\n\t\t\t>\n\n\t\t\t\tPrivate artwork\t\t\t<\/a>\n\t\t<\/h3>\n\t<\/div>\n\t\t<div class=\"sow-carousel-item\" tabindex=\"-1\" style=\"float: left;\">\n\t\t<div class=\"sow-carousel-thumbnail\">\n\t\t\t\t\t\t\t<a\n\t\t\t\t\thref=\"http:\/\/www.re-evolution.com\/fr\/portfolio\/brandenburg-tag\/\"\n\t\t\t\t\t\t\t\t\t\tstyle=\"background-image: url( http:\/\/www.re-evolution.com\/wp-content\/uploads\/2011\/05\/bta2010_visu1.jpg )\"\n\t\t\t\t\taria-labelledby=\"sow-carousel-id-1645\"\n\t\t\t\t\ttabindex=\"-1\"\n\t\t\t\t>\n\t\t\t\t\t<span class=\"overlay\"><\/span>\n\t\t\t\t<\/a>\n\t\t\t\t\t<\/div>\n\t\t<h3 class=\"sow-carousel-item-title\">\n\t\t\t<a\n\t\t\t\thref=\"http:\/\/www.re-evolution.com\/fr\/portfolio\/brandenburg-tag\/\"\n\t\t\t\tid=\"sow-carousel-id-1645\"\n\t\t\t\t\t\t\t\ttabindex=\"-1\"\n\t\t\t>\n\n\t\t\t\tBrandenburg Tag\t\t\t<\/a>\n\t\t<\/h3>\n\t<\/div>\n\t\t<div class=\"sow-carousel-item\" tabindex=\"-1\" style=\"float: left;\">\n\t\t<div class=\"sow-carousel-thumbnail\">\n\t\t\t\t\t\t\t<a\n\t\t\t\t\thref=\"http:\/\/www.re-evolution.com\/fr\/portfolio\/cd-cover-designs\/\"\n\t\t\t\t\t\t\t\t\t\tstyle=\"background-image: url( http:\/\/www.re-evolution.com\/wp-content\/uploads\/2014\/04\/print_blm_cd.jpg )\"\n\t\t\t\t\taria-labelledby=\"sow-carousel-id-1622\"\n\t\t\t\t\ttabindex=\"-1\"\n\t\t\t\t>\n\t\t\t\t\t<span class=\"overlay\"><\/span>\n\t\t\t\t<\/a>\n\t\t\t\t\t<\/div>\n\t\t<h3 class=\"sow-carousel-item-title\">\n\t\t\t<a\n\t\t\t\thref=\"http:\/\/www.re-evolution.com\/fr\/portfolio\/cd-cover-designs\/\"\n\t\t\t\tid=\"sow-carousel-id-1622\"\n\t\t\t\t\t\t\t\ttabindex=\"-1\"\n\t\t\t>\n\n\t\t\t\tCD-Cover designs\t\t\t<\/a>\n\t\t<\/h3>\n\t<\/div>\n\t\t\t<\/div>\n\t\t\t<\/div>\n\n\t<\/div>\n\t\t<input type=\"hidden\" name=\"instance_hash\" value=\"db0a01f3\"\/>\n\t<\/div>\n<\/div><\/div><\/div><\/div><\/div><\/div>","protected":false},"excerpt":{"rendered":"<p>Design is not making beauty&#8230; Beauty emerges from selection, affinities, integration, love. Louis Kahn NOS SERVICES GRAPHIC DESIGN Du branding \u00e0 la r\u00e9alisation de campagnes publicitaires, nous vous apportons tous les \u00e9l\u00e9ments visuels pour commmuniquer vos id\u00e9es. Lire la suite &hellip; <a class=\"kt-excerpt-readmore\" href=\"http:\/\/www.re-evolution.com\/fr\/\" aria-label=\"Home\">Lire la suite<\/a><\/p>\n","protected":false},"author":1,"featured_media":1833,"parent":0,"menu_order":0,"comment_status":"closed","ping_status":"closed","template":"page-landing.php","meta":{"kt_blocks_editor_width":"","_kad_blocks_custom_css":"","_kad_blocks_head_custom_js":"","_kad_blocks_body_custom_js":"","_kad_blocks_footer_custom_js":"","footnotes":""},"class_list":["post-282","page","type-page","status-publish","has-post-thumbnail","hentry"],"taxonomy_info":[],"featured_image_src_large":["http:\/\/www.re-evolution.com\/wp-content\/uploads\/2018\/02\/rev2018_webdesign_showcase_sm-864x720.jpg",864,720,true],"author_info":{"display_name":"admin","author_link":"http:\/\/www.re-evolution.com\/fr\/author\/admin\/"},"comment_info":0,"_links":{"self":[{"href":"http:\/\/www.re-evolution.com\/fr\/wp-json\/wp\/v2\/pages\/282","targetHints":{"allow":["GET"]}}],"collection":[{"href":"http:\/\/www.re-evolution.com\/fr\/wp-json\/wp\/v2\/pages"}],"about":[{"href":"http:\/\/www.re-evolution.com\/fr\/wp-json\/wp\/v2\/types\/page"}],"author":[{"embeddable":true,"href":"http:\/\/www.re-evolution.com\/fr\/wp-json\/wp\/v2\/users\/1"}],"replies":[{"embeddable":true,"href":"http:\/\/www.re-evolution.com\/fr\/wp-json\/wp\/v2\/comments?post=282"}],"version-history":[{"count":172,"href":"http:\/\/www.re-evolution.com\/fr\/wp-json\/wp\/v2\/pages\/282\/revisions"}],"predecessor-version":[{"id":3074,"href":"http:\/\/www.re-evolution.com\/fr\/wp-json\/wp\/v2\/pages\/282\/revisions\/3074"}],"wp:featuredmedia":[{"embeddable":true,"href":"http:\/\/www.re-evolution.com\/fr\/wp-json\/wp\/v2\/media\/1833"}],"wp:attachment":[{"href":"http:\/\/www.re-evolution.com\/fr\/wp-json\/wp\/v2\/media?parent=282"}],"curies":[{"name":"wp","href":"https:\/\/api.w.org\/{rel}","templated":true}]}}